{"id":14350,"date":"2017-05-17T20:05:52","date_gmt":"2017-05-17T20:05:52","guid":{"rendered":"https:\/\/pneusavantagesplus.com\/contact-us\/"},"modified":"2025-06-29T17:56:19","modified_gmt":"2025-06-29T17:56:19","slug":"contact-us","status":"publish","type":"page","link":"https:\/\/pneusavantagesplus.com\/en\/contact-us\/","title":{"rendered":"Contact us"},"content":{"rendered":"\t\t<div data-elementor-type=\"wp-page\" data-elementor-id=\"14350\" class=\"elementor elementor-14350 elementor-25\">\n\t\t\t\t<div class=\"elementor-element elementor-element-2ab94259 e-flex e-con-boxed lte-overlay-wrapper-disabled e-con e-parent\" data-id=\"2ab94259\" data-element_type=\"container\" data-e-type=\"container\">\n\t\t\t\t\t<div class=\"e-con-inner\">\n\t\t\t\t<div class=\"elementor-element elementor-element-89e9603 lte-icons-align-center elementor-widget elementor-widget-lte-icons\" data-id=\"89e9603\" data-element_type=\"widget\" data-e-type=\"widget\" data-widget_type=\"lte-icons.default\">\n\t\t\t\t<div class=\"elementor-widget-container\">\n\t\t\t\t\t<ul class=\"lte-block-icon layout-responsive lte-icons-count-4 lte-icon-space-lg lte-icon-color-main lte-icon-divider-solid lte-icon-size-medium lte-header-color-default lte-icon-type-left lte-hover-animation-yes has-descr\"><li class=\"lte-item col-xl-3 col-lg-3 col-md-3 col-sm-6 col-ms-4 col-xs-12\"><div   class=\"lte-inner\"><svg aria-hidden=\"true\" class=\"e-font-icon-svg e-fas-map-marker-alt\" viewBox=\"0 0 384 512\" xmlns=\"http:\/\/www.w3.org\/2000\/svg\"><path d=\"M172.268 501.67C26.97 291.031 0 269.413 0 192 0 85.961 85.961 0 192 0s192 85.961 192 192c0 77.413-26.97 99.031-172.268 309.67-9.535 13.774-29.93 13.773-39.464 0zM192 272c44.183 0 80-35.817 80-80s-35.817-80-80-80-80 35.817-80 80 35.817 80 80 80z\"><\/path><\/svg><span class=\"lte-icon-content\"> <span class=\"lte-header lte-h5\"> Emplacement <\/span> <span class=\"lte-descr\">711 rue de Martigny O.<br \/>\nSt-J\u00e9r\u00f4me (QC) J5L 1Z6<\/span><\/span><\/div><\/li><li class=\"lte-item col-xl-3 col-lg-3 col-md-3 col-sm-6 col-ms-4 col-xs-12\"><div   class=\"lte-inner\"><svg aria-hidden=\"true\" class=\"e-font-icon-svg e-fas-phone-alt\" viewBox=\"0 0 512 512\" xmlns=\"http:\/\/www.w3.org\/2000\/svg\"><path d=\"M497.39 361.8l-112-48a24 24 0 0 0-28 6.9l-49.6 60.6A370.66 370.66 0 0 1 130.6 204.11l60.6-49.6a23.94 23.94 0 0 0 6.9-28l-48-112A24.16 24.16 0 0 0 122.6.61l-104 24A24 24 0 0 0 0 48c0 256.5 207.9 464 464 464a24 24 0 0 0 23.4-18.6l24-104a24.29 24.29 0 0 0-14.01-27.6z\"><\/path><\/svg><span class=\"lte-icon-content\"> <span class=\"lte-header lte-h5\"> T\u00e9l\u00e9phone <\/span> <span class=\"lte-descr\">(450) 592-1397<br \/>\n<\/span><\/span><\/div><\/li><li class=\"lte-item col-xl-3 col-lg-3 col-md-3 col-sm-6 col-ms-4 col-xs-12\"><div   class=\"lte-inner\"><svg aria-hidden=\"true\" class=\"e-font-icon-svg e-fas-envelope\" viewBox=\"0 0 512 512\" xmlns=\"http:\/\/www.w3.org\/2000\/svg\"><path d=\"M502.3 190.8c3.9-3.1 9.7-.2 9.7 4.7V400c0 26.5-21.5 48-48 48H48c-26.5 0-48-21.5-48-48V195.6c0-5 5.7-7.8 9.7-4.7 22.4 17.4 52.1 39.5 154.1 113.6 21.1 15.4 56.7 47.8 92.2 47.6 35.7.3 72-32.8 92.3-47.6 102-74.1 131.6-96.3 154-113.7zM256 320c23.2.4 56.6-29.2 73.4-41.4 132.7-96.3 142.8-104.7 173.4-128.7 5.8-4.5 9.2-11.5 9.2-18.9v-19c0-26.5-21.5-48-48-48H48C21.5 64 0 85.5 0 112v19c0 7.4 3.4 14.3 9.2 18.9 30.6 23.9 40.7 32.4 173.4 128.7 16.8 12.2 50.2 41.8 73.4 41.4z\"><\/path><\/svg><span class=\"lte-icon-content\"> <span class=\"lte-header lte-h5\"> Courriel <\/span> <span class=\"lte-descr\">info@pneusavantagesplus.com<br \/>\n<\/span><\/span><\/div><\/li><li class=\"lte-item col-xl-3 col-lg-3 col-md-3 col-sm-6 col-ms-4 col-xs-12\"><div   class=\"lte-inner\"><svg aria-hidden=\"true\" class=\"e-font-icon-svg e-far-clock\" viewBox=\"0 0 512 512\" xmlns=\"http:\/\/www.w3.org\/2000\/svg\"><path d=\"M256 8C119 8 8 119 8 256s111 248 248 248 248-111 248-248S393 8 256 8zm0 448c-110.5 0-200-89.5-200-200S145.5 56 256 56s200 89.5 200 200-89.5 200-200 200zm61.8-104.4l-84.9-61.7c-3.1-2.3-4.9-5.9-4.9-9.7V116c0-6.6 5.4-12 12-12h32c6.6 0 12 5.4 12 12v141.7l66.8 48.6c5.4 3.9 6.5 11.4 2.6 16.8L334.6 349c-3.9 5.3-11.4 6.5-16.8 2.6z\"><\/path><\/svg><span class=\"lte-icon-content\"> <span class=\"lte-header lte-h5\"> Heures d'ouverture <\/span> <span class=\"lte-descr\"><b>Lu - Je : <\/b> 08:00 - 17:00<br \/>\n<b>Sa : <\/b> 08:00 - 12:00<br \/>\n<br \/>\n<\/span><\/span><\/div><\/li><\/ul>\t\t\t\t<\/div>\n\t\t\t\t<\/div>\n\t\t\t\t\t<\/div>\n\t\t\t\t<\/div>\n\t\t<div class=\"elementor-element elementor-element-435591e e-con-full e-flex lte-overlay-wrapper-disabled e-con e-parent\" data-id=\"435591e\" data-element_type=\"container\" data-e-type=\"container\">\n\t\t\t\t<div class=\"elementor-element elementor-element-6534658 elementor-widget elementor-widget-google_maps\" data-id=\"6534658\" data-element_type=\"widget\" data-e-type=\"widget\" data-widget_type=\"google_maps.default\">\n\t\t\t\t\t\t\t<div class=\"elementor-custom-embed\">\n\t\t\t<iframe loading=\"lazy\"\n\t\t\t\t\tsrc=\"https:\/\/www.google.com\/maps\/embed\/v1\/place?key=AIzaSyASypby3_5qo_HURUtm8y1fClkh5JfDXso&#038;q=711%20rue%20de%20Martigny%20O.%20St-J%C3%A9r%C3%B4me%20%28QC%29%20J5L%201Z6&#038;zoom=16\"\n\t\t\t\t\ttitle=\"711 rue de Martigny O. St-J\u00e9r\u00f4me (QC) J5L 1Z6\"\n\t\t\t\t\taria-label=\"711 rue de Martigny O. St-J\u00e9r\u00f4me (QC) J5L 1Z6\"\n\t\t\t><\/iframe>\n\t\t<\/div>\n\t\t\t\t\t\t<\/div>\n\t\t\t\t<\/div>\n\t\t<div class=\"elementor-element elementor-element-21ae906 e-flex e-con-boxed lte-overlay-wrapper-disabled e-con e-parent\" data-id=\"21ae906\" data-element_type=\"container\" data-e-type=\"container\">\n\t\t\t\t\t<div class=\"e-con-inner\">\n\t\t\t\t<div class=\"elementor-element elementor-element-b91bb2a elementor-widget__width-auto lte-heading-style-default elementor-widget elementor-widget-lte-header\" data-id=\"b91bb2a\" data-element_type=\"widget\" data-e-type=\"widget\" data-widget_type=\"lte-header.default\">\n\t\t\t\t<div class=\"elementor-widget-container\">\n\t\t\t\t\t<div class=\"heading default heading-uppercase heading-default color-default subcolor-main heading-tag-h4\"><h4 class=\"header\">Prise de rendez-vous ou message<\/h4><\/div>\t\t\t\t<\/div>\n\t\t\t\t<\/div>\n\t\t\t\t<div class=\"elementor-element elementor-element-1f3d2fe elementor-widget elementor-widget-lte-cf7\" data-id=\"1f3d2fe\" data-element_type=\"widget\" data-e-type=\"widget\" data-widget_type=\"lte-cf7.default\">\n\t\t\t\t<div class=\"elementor-widget-container\">\n\t\t\t\t\t<div class=\"ltx-contact-form-7 transform- form-center form- form-bg- form-style-default form-btn-default form-btn-default form-padding-none \"   >\n<div class=\"wpcf7 no-js\" id=\"wpcf7-f14353-o1\" lang=\"en-US\" dir=\"ltr\" data-wpcf7-id=\"14353\">\n<div class=\"screen-reader-response\"><p role=\"status\" aria-live=\"polite\" aria-atomic=\"true\"><\/p> <ul><\/ul><\/div>\n<form action=\"\/en\/wp-json\/wp\/v2\/pages\/14350#wpcf7-f14353-o1\" method=\"post\" class=\"wpcf7-form init\" aria-label=\"Contact form\" novalidate=\"novalidate\" data-status=\"init\">\n<fieldset class=\"hidden-fields-container\"><input type=\"hidden\" name=\"_wpcf7\" value=\"14353\" \/><input type=\"hidden\" name=\"_wpcf7_version\" value=\"6.1.5\" \/><input type=\"hidden\" name=\"_wpcf7_locale\" value=\"en_US\" \/><input type=\"hidden\" name=\"_wpcf7_unit_tag\" value=\"wpcf7-f14353-o1\" \/><input type=\"hidden\" name=\"_wpcf7_container_post\" value=\"0\" \/><input type=\"hidden\" name=\"_wpcf7_posted_data_hash\" value=\"\" \/>\n<\/fieldset>\n<div class=\"row\">\n\t<div class=\"col-lg-6 col-xs-12\">\n\t\t<p><span class=\"wpcf7-form-control-wrap\" data-name=\"field-header\"><input size=\"40\" maxlength=\"400\" class=\"wpcf7-form-control wpcf7-text wpcf7-validates-as-required\" aria-required=\"true\" aria-invalid=\"false\" placeholder=\"Your name\" value=\"\" type=\"text\" name=\"field-header\" \/><\/span>\n\t\t<\/p>\n\t<\/div>\n\t<div class=\"col-lg-6 col-xs-12\">\n\t\t<p><span class=\"wpcf7-form-control-wrap\" data-name=\"field-header2\"><input size=\"40\" maxlength=\"400\" class=\"wpcf7-form-control wpcf7-text wpcf7-validates-as-required\" aria-required=\"true\" aria-invalid=\"false\" placeholder=\"Your email\" value=\"\" type=\"text\" name=\"field-header2\" \/><\/span>\n\t\t<\/p>\n\t<\/div>\n<\/div>\n<p><span class=\"wpcf7-form-control-wrap\" data-name=\"field-header-3\"><textarea cols=\"40\" rows=\"10\" maxlength=\"2000\" class=\"wpcf7-form-control wpcf7-textarea\" aria-invalid=\"false\" placeholder=\"Message\" name=\"field-header-3\"><\/textarea><\/span><br \/>\n<input class=\"wpcf7-form-control wpcf7-submit has-spinner\" type=\"submit\" value=\"Submit\" \/>\n<\/p><div class=\"wpcf7-response-output\" aria-hidden=\"true\"><\/div>\n<\/form>\n<\/div>\n<\/div>\t\t\t\t<\/div>\n\t\t\t\t<\/div>\n\t\t\t\t\t<\/div>\n\t\t\t\t<\/div>\n\t\t\t\t<\/div>\n\t\t","protected":false},"excerpt":{"rendered":"<p>Emplacement 711 rue de Martigny O. St-J\u00e9r\u00f4me (QC) J5L 1Z6 T\u00e9l\u00e9phone (450) 592-1397 Courriel info@pneusavantagesplus.com Heures d&#8217;ouverture Lu &#8211; Je : 08:00 &#8211; 17:00 Sa : 08:00 &#8211; 12:00 Prise de rendez-vous ou message<\/p>\n","protected":false},"author":1,"featured_media":0,"parent":0,"menu_order":0,"comment_status":"closed","ping_status":"closed","template":"page-templates\/full-width.php","meta":{"om_disable_all_campaigns":false,"_monsterinsights_skip_tracking":false,"_monsterinsights_sitenote_active":false,"_monsterinsights_sitenote_note":"","_monsterinsights_sitenote_category":0,"footnotes":""},"class_list":["post-14350","page","type-page","status-publish","hentry"],"aioseo_notices":[],"_links":{"self":[{"href":"https:\/\/pneusavantagesplus.com\/en\/wp-json\/wp\/v2\/pages\/14350","targetHints":{"allow":["GET"]}}],"collection":[{"href":"https:\/\/pneusavantagesplus.com\/en\/wp-json\/wp\/v2\/pages"}],"about":[{"href":"https:\/\/pneusavantagesplus.com\/en\/wp-json\/wp\/v2\/types\/page"}],"author":[{"embeddable":true,"href":"https:\/\/pneusavantagesplus.com\/en\/wp-json\/wp\/v2\/users\/1"}],"replies":[{"embeddable":true,"href":"https:\/\/pneusavantagesplus.com\/en\/wp-json\/wp\/v2\/comments?post=14350"}],"version-history":[{"count":6,"href":"https:\/\/pneusavantagesplus.com\/en\/wp-json\/wp\/v2\/pages\/14350\/revisions"}],"predecessor-version":[{"id":15686,"href":"https:\/\/pneusavantagesplus.com\/en\/wp-json\/wp\/v2\/pages\/14350\/revisions\/15686"}],"wp:attachment":[{"href":"https:\/\/pneusavantagesplus.com\/en\/wp-json\/wp\/v2\/media?parent=14350"}],"curies":[{"name":"wp","href":"https:\/\/api.w.org\/{rel}","templated":true}]}}